{"id":3050,"date":"2026-01-29T20:34:28","date_gmt":"2026-01-29T20:34:28","guid":{"rendered":"https:\/\/entornopsyd.thoi.art\/?page_id=3050"},"modified":"2026-03-18T16:07:38","modified_gmt":"2026-03-18T16:07:38","slug":"zorro-abarrotero","status":"publish","type":"page","link":"https:\/\/entornopsyd.thoi.art\/en\/zorro-abarrotero\/","title":{"rendered":"LAIVA Retail"},"content":{"rendered":"<div data-elementor-type=\"wp-page\" data-elementor-id=\"3050\" class=\"elementor elementor-3050\" data-elementor-post-type=\"page\">\n\t\t\t\t<div class=\"elementor-element elementor-element-950bb97 e-con-full e-flex sc_layouts_column_icons_position_left e-con e-parent\" data-id=\"950bb97\" data-element_type=\"container\">\n\t\t<div class=\"elementor-element elementor-element-6282752 e-con-full e-flex sc_layouts_column_icons_position_left e-con e-child\" data-id=\"6282752\" data-element_type=\"container\">\n\t\t\t\t<div data-animation-type=\"line\" data-animation-stagger=\"60\" class=\"elementor-element elementor-element-33f76f3 animation_type_line elementor-widget__width-initial trx-addons-animate sc_fly_static elementor-invisible elementor-widget elementor-widget-trx_elm_advanced_title\" data-id=\"33f76f3\" data-element_type=\"widget\" data-settings=\"{&quot;_animation&quot;:&quot;ta_fadeinup&quot;}\" data-widget_type=\"trx_elm_advanced_title.default\">\n\t\t\t\t<div class=\"elementor-widget-container\">\n\t\t\t\t\t<h1 class=\"trx-addons-advanced-title\" style=\"--var-trx-addons-advanced-title-highlight-animation-duration: 2000ms;\">\n<span class=\"trx-addons-advanced-title-item trx-addons-advanced-title-item-text elementor-repeater-item-4cc7a12\"> Integraci\u00f3n comercial estrat\u00e9gica.<\/span><\/h1>\t\t\t\t<\/div>\n\t\t\t\t<\/div>\n\t\t\t\t<div class=\"elementor-element elementor-element-ef52826 sc_fly_static elementor-widget elementor-widget-text-editor\" data-id=\"ef52826\" data-element_type=\"widget\" data-widget_type=\"text-editor.default\">\n\t\t\t\t\t\t\t\t\t<p><span style=\"font-weight: 400;\">LAIVA Retail representa la capa de infraestructura comercial del ecosistema.<\/span><\/p><p><span style=\"font-weight: 400;\">A trav\u00e9s de alianzas con operadores consolidados\u2014incluyendo OXXO, Zorro Abarrotero y Chedraui\u2014LAIVA integra comercio esencial dentro de sus desarrollos territoriales.<\/span><\/p><p><strong>No es activaci\u00f3n secundaria.<br \/>Es planeaci\u00f3n estructural.<\/strong><\/p>\t\t\t\t\t\t\t\t<\/div>\n\t\t\t\t<\/div>\n\t\t<div data-animation-type=\"block\" class=\"elementor-element elementor-element-73aa2e8 e-con-full e-flex sc_layouts_column_icons_position_left animation_type_block elementor-invisible e-con e-child\" data-id=\"73aa2e8\" data-element_type=\"container\" data-settings=\"{&quot;animation&quot;:&quot;ta_fadeinup&quot;,&quot;animation_delay&quot;:200}\">\n\t\t\t\t<div class=\"elementor-element elementor-element-f22ccf6 sc_fly_static elementor-widget elementor-widget-image\" data-id=\"f22ccf6\" data-element_type=\"widget\" data-widget_type=\"image.default\">\n\t\t\t\t\t\t\t\t\t\t\t\t\t\t\t<img fetchpriority=\"high\" decoding=\"async\" width=\"2048\" height=\"2048\" src=\"https:\/\/entornopsyd.thoi.art\/wp-content\/uploads\/2026\/03\/freepik__construccin-de-estantera-en-tienda-de-abarrotes__1487.jpeg\" class=\"attachment-full size-full wp-image-3685\" alt=\"\" srcset=\"https:\/\/entornopsyd.thoi.art\/wp-content\/uploads\/2026\/03\/freepik__construccin-de-estantera-en-tienda-de-abarrotes__1487.jpeg 2048w, https:\/\/entornopsyd.thoi.art\/wp-content\/uploads\/2026\/03\/freepik__construccin-de-estantera-en-tienda-de-abarrotes__1487-300x300.jpeg 300w, https:\/\/entornopsyd.thoi.art\/wp-content\/uploads\/2026\/03\/freepik__construccin-de-estantera-en-tienda-de-abarrotes__1487-1024x1024.jpeg 1024w, https:\/\/entornopsyd.thoi.art\/wp-content\/uploads\/2026\/03\/freepik__construccin-de-estantera-en-tienda-de-abarrotes__1487-150x150.jpeg 150w, https:\/\/entornopsyd.thoi.art\/wp-content\/uploads\/2026\/03\/freepik__construccin-de-estantera-en-tienda-de-abarrotes__1487-768x768.jpeg 768w, https:\/\/entornopsyd.thoi.art\/wp-content\/uploads\/2026\/03\/freepik__construccin-de-estantera-en-tienda-de-abarrotes__1487-1536x1536.jpeg 1536w, https:\/\/entornopsyd.thoi.art\/wp-content\/uploads\/2026\/03\/freepik__construccin-de-estantera-en-tienda-de-abarrotes__1487-370x370.jpeg 370w, https:\/\/entornopsyd.thoi.art\/wp-content\/uploads\/2026\/03\/freepik__construccin-de-estantera-en-tienda-de-abarrotes__1487-90x90.jpeg 90w, https:\/\/entornopsyd.thoi.art\/wp-content\/uploads\/2026\/03\/freepik__construccin-de-estantera-en-tienda-de-abarrotes__1487-924x924.jpeg 924w, https:\/\/entornopsyd.thoi.art\/wp-content\/uploads\/2026\/03\/freepik__construccin-de-estantera-en-tienda-de-abarrotes__1487-410x410.jpeg 410w\" sizes=\"(max-width: 2048px) 100vw, 2048px\" \/>\t\t\t\t\t\t\t\t\t\t\t\t\t\t\t<\/div>\n\t\t<div class=\"elementor-element elementor-element-537f839 e-grid e-con-full elementor-hidden-mobile sc_layouts_column_icons_position_left e-con e-child\" data-id=\"537f839\" data-element_type=\"container\" data-settings=\"{&quot;position&quot;:&quot;absolute&quot;}\">\n\t\t\t\t<div class=\"elementor-element elementor-element-ca1445c sc_fly_static elementor-widget elementor-widget-image\" data-id=\"ca1445c\" data-element_type=\"widget\" data-widget_type=\"image.default\">\n\t\t\t\t\t\t\t\t\t\t\t\t\t\t\t<img decoding=\"async\" width=\"1024\" height=\"652\" src=\"https:\/\/entornopsyd.thoi.art\/wp-content\/uploads\/2026\/03\/empty-rows-in-the-supermarket-2026-01-07-02-31-04-utc-1024x652.jpg\" class=\"attachment-large size-large wp-image-3970\" alt=\"\" srcset=\"https:\/\/entornopsyd.thoi.art\/wp-content\/uploads\/2026\/03\/empty-rows-in-the-supermarket-2026-01-07-02-31-04-utc-1024x652.jpg 1024w, https:\/\/entornopsyd.thoi.art\/wp-content\/uploads\/2026\/03\/empty-rows-in-the-supermarket-2026-01-07-02-31-04-utc-300x191.jpg 300w, https:\/\/entornopsyd.thoi.art\/wp-content\/uploads\/2026\/03\/empty-rows-in-the-supermarket-2026-01-07-02-31-04-utc-768x489.jpg 768w, https:\/\/entornopsyd.thoi.art\/wp-content\/uploads\/2026\/03\/empty-rows-in-the-supermarket-2026-01-07-02-31-04-utc-1536x978.jpg 1536w, https:\/\/entornopsyd.thoi.art\/wp-content\/uploads\/2026\/03\/empty-rows-in-the-supermarket-2026-01-07-02-31-04-utc-18x12.jpg 18w, https:\/\/entornopsyd.thoi.art\/wp-content\/uploads\/2026\/03\/empty-rows-in-the-supermarket-2026-01-07-02-31-04-utc-370x235.jpg 370w, https:\/\/entornopsyd.thoi.art\/wp-content\/uploads\/2026\/03\/empty-rows-in-the-supermarket-2026-01-07-02-31-04-utc-924x588.jpg 924w, https:\/\/entornopsyd.thoi.art\/wp-content\/uploads\/2026\/03\/empty-rows-in-the-supermarket-2026-01-07-02-31-04-utc-410x261.jpg 410w, https:\/\/entornopsyd.thoi.art\/wp-content\/uploads\/2026\/03\/empty-rows-in-the-supermarket-2026-01-07-02-31-04-utc.jpg 1851w\" sizes=\"(max-width: 1024px) 100vw, 1024px\" \/>\t\t\t\t\t\t\t\t\t\t\t\t\t\t\t<\/div>\n\t\t\t\t<\/div>\n\t\t\t\t<\/div>\n\t\t\t\t<\/div>\n\t\t<div class=\"elementor-element elementor-element-b003a40 e-flex e-con-boxed sc_layouts_column_icons_position_left e-con e-parent\" data-id=\"b003a40\" data-element_type=\"container\">\n\t\t\t\t\t<div class=\"e-con-inner\">\n\t\t<div class=\"elementor-element elementor-element-0dfcaca e-con-full e-flex sc_layouts_column_icons_position_left e-con e-child\" data-id=\"0dfcaca\" data-element_type=\"container\">\n\t\t<div class=\"elementor-element elementor-element-8cd88fe e-con-full e-flex sc_layouts_column_icons_position_left e-con e-child\" data-id=\"8cd88fe\" data-element_type=\"container\">\n\t\t\t\t<div data-animation-type=\"block\" class=\"elementor-element elementor-element-77222bb animation_type_block sc_fly_static elementor-invisible elementor-widget elementor-widget-heading\" data-id=\"77222bb\" data-element_type=\"widget\" data-settings=\"{&quot;_animation&quot;:&quot;ta_fadeinup&quot;,&quot;_animation_delay&quot;:50}\" data-widget_type=\"heading.default\">\n\t\t\t\t\t<h1 class=\"elementor-heading-title elementor-size-default\">Rol Dentro del Ecosistema\n<\/h1>\t\t\t\t<\/div>\n\t\t\t\t<div data-animation-type=\"block\" class=\"elementor-element elementor-element-a6d4072 animation_type_block sc_fly_static elementor-invisible elementor-widget elementor-widget-text-editor\" data-id=\"a6d4072\" data-element_type=\"widget\" data-settings=\"{&quot;_animation&quot;:&quot;ta_fadeinup&quot;,&quot;_animation_delay&quot;:100}\" data-widget_type=\"text-editor.default\">\n\t\t\t\t\t\t\t\t\t<p><span style=\"font-weight: 400;\">LAIVA Retail garantiza:<\/span><\/p><ul><li style=\"font-weight: 400;\" aria-level=\"1\"><span style=\"font-weight: 400;\">Accesibilidad de uso diario para residentes y hu\u00e9spedes<\/span><span style=\"font-weight: 400;\"><br \/><br \/><\/span><\/li><li style=\"font-weight: 400;\" aria-level=\"1\"><span style=\"font-weight: 400;\">Tr\u00e1fico comercial estabilizado<\/span><span style=\"font-weight: 400;\"><br \/><br \/><\/span><\/li><li style=\"font-weight: 400;\" aria-level=\"1\"><span style=\"font-weight: 400;\">Anclaje en desarrollos mixtos<\/span><span style=\"font-weight: 400;\"><br \/><br \/><\/span><\/li><li style=\"font-weight: 400;\" aria-level=\"1\"><span style=\"font-weight: 400;\">Contratos de arrendamiento de largo plazo<\/span><span style=\"font-weight: 400;\"><br \/><br \/><\/span><\/li><li style=\"font-weight: 400;\" aria-level=\"1\"><span style=\"font-weight: 400;\">Incremento de valor del suelo mediante densidad comercial<\/span><span style=\"font-weight: 400;\"><br \/><br \/><\/span><\/li><\/ul><p><span style=\"font-weight: 400;\">El retail se posiciona estrat\u00e9gicamente para fortalecer vivienda, hospitalidad y lifestyle.<\/span><\/p>\t\t\t\t\t\t\t\t<\/div>\n\t\t\t\t<\/div>\n\t\t<div class=\"elementor-element elementor-element-9c8556c e-con-full e-flex sc_layouts_column_icons_position_left e-con e-child\" data-id=\"9c8556c\" data-element_type=\"container\">\n\t\t\t\t<div data-animation-type=\"block\" class=\"elementor-element elementor-element-daea91e animation_type_block sc_fly_static elementor-invisible elementor-widget elementor-widget-image\" data-id=\"daea91e\" data-element_type=\"widget\" data-settings=\"{&quot;_animation&quot;:&quot;ta_fadeinup&quot;,&quot;_animation_delay&quot;:200}\" data-widget_type=\"image.default\">\n\t\t\t\t\t\t\t\t\t\t\t\t\t\t\t<img decoding=\"async\" width=\"1924\" height=\"1928\" src=\"https:\/\/entornopsyd.thoi.art\/wp-content\/uploads\/2026\/03\/empty-corridor-in-shopping-mall-2026-03-13-04-22-58-utc.jpg\" class=\"attachment-full size-full wp-image-3969\" alt=\"\" srcset=\"https:\/\/entornopsyd.thoi.art\/wp-content\/uploads\/2026\/03\/empty-corridor-in-shopping-mall-2026-03-13-04-22-58-utc.jpg 1924w, https:\/\/entornopsyd.thoi.art\/wp-content\/uploads\/2026\/03\/empty-corridor-in-shopping-mall-2026-03-13-04-22-58-utc-300x300.jpg 300w, https:\/\/entornopsyd.thoi.art\/wp-content\/uploads\/2026\/03\/empty-corridor-in-shopping-mall-2026-03-13-04-22-58-utc-1022x1024.jpg 1022w, https:\/\/entornopsyd.thoi.art\/wp-content\/uploads\/2026\/03\/empty-corridor-in-shopping-mall-2026-03-13-04-22-58-utc-150x150.jpg 150w, https:\/\/entornopsyd.thoi.art\/wp-content\/uploads\/2026\/03\/empty-corridor-in-shopping-mall-2026-03-13-04-22-58-utc-768x770.jpg 768w, https:\/\/entornopsyd.thoi.art\/wp-content\/uploads\/2026\/03\/empty-corridor-in-shopping-mall-2026-03-13-04-22-58-utc-1533x1536.jpg 1533w, https:\/\/entornopsyd.thoi.art\/wp-content\/uploads\/2026\/03\/empty-corridor-in-shopping-mall-2026-03-13-04-22-58-utc-12x12.jpg 12w, https:\/\/entornopsyd.thoi.art\/wp-content\/uploads\/2026\/03\/empty-corridor-in-shopping-mall-2026-03-13-04-22-58-utc-370x370.jpg 370w, https:\/\/entornopsyd.thoi.art\/wp-content\/uploads\/2026\/03\/empty-corridor-in-shopping-mall-2026-03-13-04-22-58-utc-90x90.jpg 90w, https:\/\/entornopsyd.thoi.art\/wp-content\/uploads\/2026\/03\/empty-corridor-in-shopping-mall-2026-03-13-04-22-58-utc-924x926.jpg 924w, https:\/\/entornopsyd.thoi.art\/wp-content\/uploads\/2026\/03\/empty-corridor-in-shopping-mall-2026-03-13-04-22-58-utc-410x411.jpg 410w\" sizes=\"(max-width: 1924px) 100vw, 1924px\" \/>\t\t\t\t\t\t\t\t\t\t\t\t\t\t\t<\/div>\n\t\t\t\t<\/div>\n\t\t\t\t<\/div>\n\t\t<div class=\"elementor-element elementor-element-af1ab89 e-con-full e-flex sc_layouts_column_icons_position_left e-con e-child\" data-id=\"af1ab89\" data-element_type=\"container\">\n\t\t<div class=\"elementor-element elementor-element-8ff9109 e-con-full e-flex sc_layouts_column_icons_position_left e-con e-child\" data-id=\"8ff9109\" data-element_type=\"container\">\n\t\t\t\t<div data-animation-type=\"block\" class=\"elementor-element elementor-element-2e28f1a animation_type_block sc_fly_static elementor-invisible elementor-widget elementor-widget-image\" data-id=\"2e28f1a\" data-element_type=\"widget\" data-settings=\"{&quot;_animation&quot;:&quot;ta_fadeinup&quot;}\" data-widget_type=\"image.default\">\n\t\t\t\t\t\t\t\t\t\t\t\t\t\t\t<img loading=\"lazy\" decoding=\"async\" width=\"1916\" height=\"1914\" src=\"https:\/\/entornopsyd.thoi.art\/wp-content\/uploads\/2026\/03\/let-the-shopping-begin-shot-of-an-empty-grocery-s-2026-01-09-10-42-14-utc.jpg\" class=\"attachment-full size-full wp-image-3968\" alt=\"\" srcset=\"https:\/\/entornopsyd.thoi.art\/wp-content\/uploads\/2026\/03\/let-the-shopping-begin-shot-of-an-empty-grocery-s-2026-01-09-10-42-14-utc.jpg 1916w, https:\/\/entornopsyd.thoi.art\/wp-content\/uploads\/2026\/03\/let-the-shopping-begin-shot-of-an-empty-grocery-s-2026-01-09-10-42-14-utc-300x300.jpg 300w, https:\/\/entornopsyd.thoi.art\/wp-content\/uploads\/2026\/03\/let-the-shopping-begin-shot-of-an-empty-grocery-s-2026-01-09-10-42-14-utc-1024x1024.jpg 1024w, https:\/\/entornopsyd.thoi.art\/wp-content\/uploads\/2026\/03\/let-the-shopping-begin-shot-of-an-empty-grocery-s-2026-01-09-10-42-14-utc-150x150.jpg 150w, https:\/\/entornopsyd.thoi.art\/wp-content\/uploads\/2026\/03\/let-the-shopping-begin-shot-of-an-empty-grocery-s-2026-01-09-10-42-14-utc-768x767.jpg 768w, https:\/\/entornopsyd.thoi.art\/wp-content\/uploads\/2026\/03\/let-the-shopping-begin-shot-of-an-empty-grocery-s-2026-01-09-10-42-14-utc-1536x1534.jpg 1536w, https:\/\/entornopsyd.thoi.art\/wp-content\/uploads\/2026\/03\/let-the-shopping-begin-shot-of-an-empty-grocery-s-2026-01-09-10-42-14-utc-12x12.jpg 12w, https:\/\/entornopsyd.thoi.art\/wp-content\/uploads\/2026\/03\/let-the-shopping-begin-shot-of-an-empty-grocery-s-2026-01-09-10-42-14-utc-370x370.jpg 370w, https:\/\/entornopsyd.thoi.art\/wp-content\/uploads\/2026\/03\/let-the-shopping-begin-shot-of-an-empty-grocery-s-2026-01-09-10-42-14-utc-90x90.jpg 90w, https:\/\/entornopsyd.thoi.art\/wp-content\/uploads\/2026\/03\/let-the-shopping-begin-shot-of-an-empty-grocery-s-2026-01-09-10-42-14-utc-924x923.jpg 924w, https:\/\/entornopsyd.thoi.art\/wp-content\/uploads\/2026\/03\/let-the-shopping-begin-shot-of-an-empty-grocery-s-2026-01-09-10-42-14-utc-410x410.jpg 410w\" sizes=\"(max-width: 1916px) 100vw, 1916px\" \/>\t\t\t\t\t\t\t\t\t\t\t\t\t\t\t<\/div>\n\t\t\t\t<\/div>\n\t\t<div class=\"elementor-element elementor-element-eea2769 e-con-full e-flex sc_layouts_column_icons_position_left e-con e-child\" data-id=\"eea2769\" data-element_type=\"container\">\n\t\t\t\t<div data-animation-type=\"block\" class=\"elementor-element elementor-element-95ad5e8 animation_type_block sc_fly_static elementor-invisible elementor-widget elementor-widget-heading\" data-id=\"95ad5e8\" data-element_type=\"widget\" data-settings=\"{&quot;_animation&quot;:&quot;ta_fadeinup&quot;,&quot;_animation_delay&quot;:100}\" data-widget_type=\"heading.default\">\n\t\t\t\t\t<h1 class=\"elementor-heading-title elementor-size-default\">Posicionamiento Estrat\u00e9gico<\/h1>\t\t\t\t<\/div>\n\t\t\t\t<div data-animation-type=\"block\" class=\"elementor-element elementor-element-b7d10af animation_type_block sc_fly_static elementor-invisible elementor-widget elementor-widget-text-editor\" data-id=\"b7d10af\" data-element_type=\"widget\" data-settings=\"{&quot;_animation&quot;:&quot;ta_fadeinup&quot;,&quot;_animation_delay&quot;:150}\" data-widget_type=\"text-editor.default\">\n\t\t\t\t\t\t\t\t\t<p><span style=\"font-weight: 400;\">Al alinearse con operadores nacionales, LAIVA refuerza:<\/span><\/p><p><span style=\"font-weight: 400;\">Estabilidad operativa.<\/span><span style=\"font-weight: 400;\"><br \/><\/span><span style=\"font-weight: 400;\"> Activaci\u00f3n territorial.<\/span><span style=\"font-weight: 400;\"><br \/><\/span><span style=\"font-weight: 400;\"> Predictibilidad de inversi\u00f3n.<\/span><\/p><p><span style=\"font-weight: 400;\">Retail no es complemento.<\/span><span style=\"font-weight: 400;\"><br \/><\/span><span style=\"font-weight: 400;\"> Es infraestructura<\/span><\/p>\t\t\t\t\t\t\t\t<\/div>\n\t\t\t\t<\/div>\n\t\t\t\t<\/div>\n\t\t\t\t\t<\/div>\n\t\t\t\t<\/div>\n\t\t\t\t<\/div>","protected":false},"excerpt":{"rendered":"<p>Integraci\u00f3n comercial estrat\u00e9gica. LAIVA Retail representa la capa de infraestructura comercial del ecosistema. A trav\u00e9s&hellip;<\/p>","protected":false},"author":1,"featured_media":0,"parent":0,"menu_order":0,"comment_status":"closed","ping_status":"closed","template":"","meta":{"footnotes":""},"class_list":["post-3050","page","type-page","status-publish","hentry"],"_links":{"self":[{"href":"https:\/\/entornopsyd.thoi.art\/en\/wp-json\/wp\/v2\/pages\/3050","targetHints":{"allow":["GET"]}}],"collection":[{"href":"https:\/\/entornopsyd.thoi.art\/en\/wp-json\/wp\/v2\/pages"}],"about":[{"href":"https:\/\/entornopsyd.thoi.art\/en\/wp-json\/wp\/v2\/types\/page"}],"author":[{"embeddable":true,"href":"https:\/\/entornopsyd.thoi.art\/en\/wp-json\/wp\/v2\/users\/1"}],"replies":[{"embeddable":true,"href":"https:\/\/entornopsyd.thoi.art\/en\/wp-json\/wp\/v2\/comments?post=3050"}],"version-history":[{"count":23,"href":"https:\/\/entornopsyd.thoi.art\/en\/wp-json\/wp\/v2\/pages\/3050\/revisions"}],"predecessor-version":[{"id":4039,"href":"https:\/\/entornopsyd.thoi.art\/en\/wp-json\/wp\/v2\/pages\/3050\/revisions\/4039"}],"wp:attachment":[{"href":"https:\/\/entornopsyd.thoi.art\/en\/wp-json\/wp\/v2\/media?parent=3050"}],"curies":[{"name":"wp","href":"https:\/\/api.w.org\/{rel}","templated":true}]}}