{"id":2831,"date":"2025-02-06T15:26:51","date_gmt":"2025-02-06T15:26:51","guid":{"rendered":"https:\/\/entornopsyd.thoi.art\/tour-details\/"},"modified":"2026-03-14T03:10:40","modified_gmt":"2026-03-14T03:10:40","slug":"tour-details","status":"publish","type":"page","link":"https:\/\/entornopsyd.thoi.art\/en\/tour-details\/","title":{"rendered":"Laiva Reserve"},"content":{"rendered":"<div data-elementor-type=\"wp-page\" data-elementor-id=\"2831\" class=\"elementor elementor-2831\" data-elementor-post-type=\"page\">\n\t\t\t\t<div data-animation-type=\"block\" class=\"elementor-element elementor-element-423902ec e-con-full e-flex sc_layouts_column_icons_position_left animation_type_block elementor-invisible e-con e-parent\" data-id=\"423902ec\" data-element_type=\"container\" data-settings=\"{&quot;background_background&quot;:&quot;classic&quot;,&quot;animation&quot;:&quot;ta_fadein&quot;}\">\n\t\t<div data-animation-type=\"block\" class=\"elementor-element elementor-element-298fbe06 e-con-full e-flex sc_layouts_column_icons_position_left animation_type_block elementor-invisible e-con e-child\" data-id=\"298fbe06\" data-element_type=\"container\" data-settings=\"{&quot;background_background&quot;:&quot;classic&quot;,&quot;animation&quot;:&quot;ta_fadeinup&quot;,&quot;animation_delay&quot;:100}\">\n\t\t<div class=\"elementor-element elementor-element-3839902e e-con-full e-flex sc_layouts_column_icons_position_left e-con e-child\" data-id=\"3839902e\" data-element_type=\"container\">\n\t\t\t\t<div class=\"elementor-element elementor-element-0ca7491 sc_fly_static elementor-widget elementor-widget-spacer\" data-id=\"0ca7491\" data-element_type=\"widget\" data-widget_type=\"spacer.default\">\n\t\t\t\t\t\t\t<div class=\"elementor-spacer\">\n\t\t\t<div class=\"elementor-spacer-inner\"><\/div>\n\t\t<\/div>\n\t\t\t\t\t\t<\/div>\n\t\t\t\t<div class=\"elementor-element elementor-element-4834a6f sc_fly_static elementor-widget elementor-widget-image\" data-id=\"4834a6f\" data-element_type=\"widget\" data-widget_type=\"image.default\">\n\t\t\t\t\t\t\t\t\t\t\t\t\t\t\t<img fetchpriority=\"high\" decoding=\"async\" width=\"1024\" height=\"311\" src=\"https:\/\/entornopsyd.thoi.art\/wp-content\/uploads\/2026\/01\/Symbol_La_Canada-01-1024x311.png\" class=\"attachment-large size-large wp-image-3067\" alt=\"\" srcset=\"https:\/\/entornopsyd.thoi.art\/wp-content\/uploads\/2026\/01\/Symbol_La_Canada-01-1024x311.png 1024w, https:\/\/entornopsyd.thoi.art\/wp-content\/uploads\/2026\/01\/Symbol_La_Canada-01-300x91.png 300w, https:\/\/entornopsyd.thoi.art\/wp-content\/uploads\/2026\/01\/Symbol_La_Canada-01-768x233.png 768w, https:\/\/entornopsyd.thoi.art\/wp-content\/uploads\/2026\/01\/Symbol_La_Canada-01-1536x466.png 1536w, https:\/\/entornopsyd.thoi.art\/wp-content\/uploads\/2026\/01\/Symbol_La_Canada-01-2048x622.png 2048w, https:\/\/entornopsyd.thoi.art\/wp-content\/uploads\/2026\/01\/Symbol_La_Canada-01-370x112.png 370w, https:\/\/entornopsyd.thoi.art\/wp-content\/uploads\/2026\/01\/Symbol_La_Canada-01-924x281.png 924w, https:\/\/entornopsyd.thoi.art\/wp-content\/uploads\/2026\/01\/Symbol_La_Canada-01-410x125.png 410w\" sizes=\"(max-width: 1024px) 100vw, 1024px\" \/>\t\t\t\t\t\t\t\t\t\t\t\t\t\t\t<\/div>\n\t\t<div class=\"elementor-element elementor-element-c376560 e-con-full e-flex sc_layouts_column_icons_position_left e-con e-child\" data-id=\"c376560\" data-element_type=\"container\">\n\t\t\t\t<div class=\"elementor-element elementor-element-61eb8f2 elementor-position-inline-start elementor-mobile-position-inline-start elementor-hidden-mobile elementor-view-default sc_fly_static elementor-widget elementor-widget-icon-box\" data-id=\"61eb8f2\" data-element_type=\"widget\" data-widget_type=\"icon-box.default\">\n\t\t\t\t\t\t\t<div class=\"elementor-icon-box-wrapper\">\n\n\t\t\t\t\t\t<div class=\"elementor-icon-box-icon\">\n\t\t\t\t<span  class=\"elementor-icon\">\n\t\t\t\t<svg aria-hidden=\"true\" class=\"e-font-icon-svg e-fas-circle\" viewbox=\"0 0 512 512\" xmlns=\"http:\/\/www.w3.org\/2000\/svg\"><path d=\"M256 8C119 8 8 119 8 256s111 248 248 248 248-111 248-248S393 8 256 8z\"><\/path><\/svg>\t\t\t\t<\/span>\n\t\t\t<\/div>\n\t\t\t\n\t\t\t\n\t\t<\/div>\n\t\t\t\t\t\t<\/div>\n\t\t\t\t<div class=\"elementor-element elementor-element-7634d5a elementor-widget-divider--view-line sc_fly_static elementor-widget elementor-widget-divider\" data-id=\"7634d5a\" data-element_type=\"widget\" data-widget_type=\"divider.default\">\n\t\t\t\t\t\t\t<div class=\"elementor-divider\">\n\t\t\t<span class=\"elementor-divider-separator\">\n\t\t\t\t\t\t<\/span>\n\t\t<\/div>\n\t\t\t\t\t\t<\/div>\n\t\t\t\t<div class=\"elementor-element elementor-element-35afac4 elementor-position-inline-start elementor-mobile-position-inline-start elementor-hidden-mobile elementor-view-default sc_fly_static elementor-widget elementor-widget-icon-box\" data-id=\"35afac4\" data-element_type=\"widget\" data-widget_type=\"icon-box.default\">\n\t\t\t\t\t\t\t<div class=\"elementor-icon-box-wrapper\">\n\n\t\t\t\t\t\t<div class=\"elementor-icon-box-icon\">\n\t\t\t\t<span  class=\"elementor-icon\">\n\t\t\t\t<svg aria-hidden=\"true\" class=\"e-font-icon-svg e-fas-circle\" viewbox=\"0 0 512 512\" xmlns=\"http:\/\/www.w3.org\/2000\/svg\"><path d=\"M256 8C119 8 8 119 8 256s111 248 248 248 248-111 248-248S393 8 256 8z\"><\/path><\/svg>\t\t\t\t<\/span>\n\t\t\t<\/div>\n\t\t\t\n\t\t\t\n\t\t<\/div>\n\t\t\t\t\t\t<\/div>\n\t\t\t\t<\/div>\n\t\t\t\t<\/div>\n\t\t<div class=\"elementor-element elementor-element-2e5c4fd8 e-con-full e-flex sc_layouts_column_icons_position_left e-con e-child\" data-id=\"2e5c4fd8\" data-element_type=\"container\">\n\t\t\t\t<div class=\"elementor-element elementor-element-3297a12 sc_fly_static elementor-widget elementor-widget-text-editor\" data-id=\"3297a12\" data-element_type=\"widget\" data-widget_type=\"text-editor.default\">\n\t\t\t\t\t\t\t\t\t<p class=\"p1\">Un refugio natural donde la arquitectura se integra al paisaje y el tiempo se desacelera.<\/p>\t\t\t\t\t\t\t\t<\/div>\n\t\t\t\t<div class=\"elementor-element elementor-element-df6e642 sc_fly_static elementor-widget elementor-widget-spacer\" data-id=\"df6e642\" data-element_type=\"widget\" data-widget_type=\"spacer.default\">\n\t\t\t\t\t\t\t<div class=\"elementor-spacer\">\n\t\t\t<div class=\"elementor-spacer-inner\"><\/div>\n\t\t<\/div>\n\t\t\t\t\t\t<\/div>\n\t\t\t\t<\/div>\n\t\t\t\t<\/div>\n\t\t\t\t<\/div>\n\t\t<div class=\"elementor-element elementor-element-142b7fd6 e-flex e-con-boxed sc_layouts_column_icons_position_left e-con e-parent\" data-id=\"142b7fd6\" data-element_type=\"container\" data-settings=\"{&quot;background_background&quot;:&quot;classic&quot;}\">\n\t\t\t\t\t<div class=\"e-con-inner\">\n\t\t\t\t<div data-animation-type=\"block\" class=\"elementor-element elementor-element-576426d9 animation_type_block sc_fly_static elementor-invisible elementor-widget elementor-widget-heading\" data-id=\"576426d9\" data-element_type=\"widget\" data-settings=\"{&quot;_animation&quot;:&quot;ta_fadeinup&quot;}\" data-widget_type=\"heading.default\">\n\t\t\t\t\t<h6 class=\"elementor-heading-title elementor-size-default\">LAIVA Reserve<\/h6>\t\t\t\t<\/div>\n\t\t\t\t<div data-animation-type=\"block\" class=\"elementor-element elementor-element-1958dcab elementor-widget__width-initial animation_type_block sc_fly_static elementor-invisible elementor-widget elementor-widget-heading\" data-id=\"1958dcab\" data-element_type=\"widget\" data-settings=\"{&quot;_animation&quot;:&quot;ta_fadeinup&quot;,&quot;_animation_delay&quot;:100}\" data-widget_type=\"heading.default\">\n\t\t\t\t\t<h1 class=\"elementor-heading-title elementor-size-default\"> Territorio, destilado.<\/h1>\t\t\t\t<\/div>\n\t\t\t\t<div data-animation-type=\"block\" class=\"elementor-element elementor-element-a1df68c animation_type_block sc_fly_static elementor-invisible elementor-widget elementor-widget-text-editor\" data-id=\"a1df68c\" data-element_type=\"widget\" data-settings=\"{&quot;_animation&quot;:&quot;ta_fadeinup&quot;}\" data-widget_type=\"text-editor.default\">\n\t\t\t\t\t\t\t\t\t<p><span style=\"font-weight: 400;\">Una colecci\u00f3n privada de santuarios anclados en naturaleza, definidos por contenci\u00f3n, elevaci\u00f3n y permanencia.<\/span><\/p><p><span style=\"font-weight: 400;\">La Ca\u00f1ada representa el primer cap\u00edtulo plenamente realizado de LAIVA Reserve.<\/span><\/p><p><span style=\"font-weight: 400;\">Ubicada dentro de un paisaje natural protegido, el proyecto se concibe como extensi\u00f3n arquitect\u00f3nica del terreno.<\/span><\/p><p><span style=\"font-weight: 400;\">Las estructuras se posicionan, no se imponen.<\/span><span style=\"font-weight: 400;\"><br \/><\/span><span style=\"font-weight: 400;\"> Las vistas se preservan, no se capturan.<\/span><span style=\"font-weight: 400;\"><br \/><\/span><span style=\"font-weight: 400;\"> La densidad se evita, no se maximiza.<\/span><\/p><p><span style=\"font-weight: 400;\">La Ca\u00f1ada se define por escala controlada y horizonte intacto.<\/span><\/p>\t\t\t\t\t\t\t\t<\/div>\n\t\t\t\t\t<\/div>\n\t\t\t\t<\/div>\n\t\t<div class=\"elementor-element elementor-element-d8c1702 e-con-full e-flex sc_layouts_column_icons_position_left e-con e-parent\" data-id=\"d8c1702\" data-element_type=\"container\" data-settings=\"{&quot;background_background&quot;:&quot;classic&quot;}\">\n\t\t<div class=\"trx_addons_has_bg_text elementor-element elementor-element-2178ac5 e-con-full e-flex sc_layouts_column_icons_position_left e-con e-child\" data-bg-text=\"{&quot;bg_text&quot;:&quot;Baja California Sur&quot;,&quot;bg_text_effect&quot;:&quot;none&quot;,&quot;bg_text_overlay&quot;:{&quot;url&quot;:&quot;&quot;},&quot;bg_text_left&quot;:{&quot;size&quot;:&quot;&quot;,&quot;unit&quot;:&quot;%&quot;},&quot;bg_text_top&quot;:{&quot;size&quot;:&quot;&quot;,&quot;unit&quot;:&quot;%&quot;},&quot;bg_text_z_index&quot;:{&quot;size&quot;:&quot;0&quot;,&quot;unit&quot;:&quot;px&quot;},&quot;bg_text_marquee&quot;:{&quot;unit&quot;:&quot;px&quot;,&quot;size&quot;:7,&quot;sizes&quot;:[]},&quot;bg_text_marquee_hover&quot;:&quot;&quot;,&quot;bg_text_marquee_margin&quot;:{&quot;unit&quot;:&quot;%&quot;,&quot;size&quot;:6,&quot;sizes&quot;:[]},&quot;bg_text_reverse&quot;:0,&quot;bg_text_accelerate&quot;:0,&quot;bg_text_delimiter_icon&quot;:&quot;&quot;,&quot;bg_text_delimiter_image&quot;:&quot;&quot;,&quot;bg_text_delimiter_svg&quot;:&quot;&quot;,&quot;bg_text_delimiter_rotation&quot;:0}\" data-id=\"2178ac5\" data-element_type=\"container\">\n\t\t<div class=\"elementor-element elementor-element-5bc6a47 e-con-full e-flex sc_layouts_column_icons_position_left e-con e-child\" data-id=\"5bc6a47\" data-element_type=\"container\" data-settings=\"{&quot;background_background&quot;:&quot;classic&quot;}\">\n\t\t<div class=\"elementor-element elementor-element-990ea20 e-con-full e-flex sc_layouts_column_icons_position_left e-con e-child\" data-id=\"990ea20\" data-element_type=\"container\">\n\t\t\t\t<div data-animation-type=\"block\" class=\"elementor-element elementor-element-dd6ee6a animation_type_block sc_fly_static elementor-invisible elementor-widget elementor-widget-heading\" data-id=\"dd6ee6a\" data-element_type=\"widget\" data-settings=\"{&quot;_animation&quot;:&quot;ta_fadeinup&quot;,&quot;_animation_delay&quot;:100}\" data-widget_type=\"heading.default\">\n\t\t\t\t\t<h1 class=\"elementor-heading-title elementor-size-default\">Disciplina Arquitect\u00f3nica<\/h1>\t\t\t\t<\/div>\n\t\t\t\t<div data-animation-type=\"block\" class=\"elementor-element elementor-element-33f6af4 animation_type_block sc_fly_static elementor-invisible elementor-widget elementor-widget-text-editor\" data-id=\"33f6af4\" data-element_type=\"widget\" data-settings=\"{&quot;_animation&quot;:&quot;ta_fadeinup&quot;,&quot;_animation_delay&quot;:200}\" data-widget_type=\"text-editor.default\">\n\t\t\t\t\t\t\t\t\t<ul><li style=\"font-weight: 400;\" aria-level=\"1\"><span style=\"font-weight: 400;\">Implantaci\u00f3n de bajo impacto en contornos naturales<\/span><span style=\"font-weight: 400;\"><br \/><br \/><\/span><\/li><li style=\"font-weight: 400;\" aria-level=\"1\"><span style=\"font-weight: 400;\">Puntos elevados estrat\u00e9gicos<\/span><span style=\"font-weight: 400;\"><br \/><br \/><\/span><\/li><li style=\"font-weight: 400;\" aria-level=\"1\"><span style=\"font-weight: 400;\">Conservaci\u00f3n de vegetaci\u00f3n nativa<\/span><span style=\"font-weight: 400;\"><br \/><br \/><\/span><\/li><li style=\"font-weight: 400;\" aria-level=\"1\"><span style=\"font-weight: 400;\">Circulaciones m\u00ednimas<\/span><span style=\"font-weight: 400;\"><br \/><br \/><\/span><\/li><li style=\"font-weight: 400;\" aria-level=\"1\"><span style=\"font-weight: 400;\">Paleta mineral contenida<\/span><\/li><\/ul>\t\t\t\t\t\t\t\t<\/div>\n\t\t\t\t<div data-animation-type=\"block\" class=\"elementor-element elementor-element-7b3bb5b animation_type_block sc_fly_static elementor-invisible elementor-widget elementor-widget-image\" data-id=\"7b3bb5b\" data-element_type=\"widget\" data-settings=\"{&quot;_animation&quot;:&quot;ta_fadeinup&quot;}\" data-widget_type=\"image.default\">\n\t\t\t\t\t\t\t\t\t\t\t\t\t\t\t<img decoding=\"async\" width=\"1440\" height=\"960\" src=\"https:\/\/entornopsyd.thoi.art\/wp-content\/uploads\/2026\/01\/OH_06911.jpg\" class=\"attachment-full size-full wp-image-3080\" alt=\"\" srcset=\"https:\/\/entornopsyd.thoi.art\/wp-content\/uploads\/2026\/01\/OH_06911.jpg 1440w, https:\/\/entornopsyd.thoi.art\/wp-content\/uploads\/2026\/01\/OH_06911-300x200.jpg 300w, https:\/\/entornopsyd.thoi.art\/wp-content\/uploads\/2026\/01\/OH_06911-1024x683.jpg 1024w, https:\/\/entornopsyd.thoi.art\/wp-content\/uploads\/2026\/01\/OH_06911-768x512.jpg 768w, https:\/\/entornopsyd.thoi.art\/wp-content\/uploads\/2026\/01\/OH_06911-370x247.jpg 370w, https:\/\/entornopsyd.thoi.art\/wp-content\/uploads\/2026\/01\/OH_06911-924x616.jpg 924w, https:\/\/entornopsyd.thoi.art\/wp-content\/uploads\/2026\/01\/OH_06911-410x273.jpg 410w\" sizes=\"(max-width: 1440px) 100vw, 1440px\" \/>\t\t\t\t\t\t\t\t\t\t\t\t\t\t\t<\/div>\n\t\t\t\t<\/div>\n\t\t<div class=\"elementor-element elementor-element-76c4af5 e-con-full e-flex sc_layouts_column_icons_position_left e-con e-child\" data-id=\"76c4af5\" data-element_type=\"container\">\n\t\t\t\t<div data-animation-type=\"block\" class=\"elementor-element elementor-element-fc8127f animation_type_block sc_fly_static elementor-invisible elementor-widget elementor-widget-image\" data-id=\"fc8127f\" data-element_type=\"widget\" data-settings=\"{&quot;_animation&quot;:&quot;ta_fadeinup&quot;,&quot;_animation_delay&quot;:200}\" data-widget_type=\"image.default\">\n\t\t\t\t\t\t\t\t\t\t\t\t\t\t\t<img decoding=\"async\" width=\"1440\" height=\"857\" src=\"https:\/\/entornopsyd.thoi.art\/wp-content\/uploads\/2026\/01\/DJI_0603-HDR-Pano.jpg\" class=\"attachment-full size-full wp-image-3068\" alt=\"\" srcset=\"https:\/\/entornopsyd.thoi.art\/wp-content\/uploads\/2026\/01\/DJI_0603-HDR-Pano.jpg 1440w, https:\/\/entornopsyd.thoi.art\/wp-content\/uploads\/2026\/01\/DJI_0603-HDR-Pano-300x179.jpg 300w, https:\/\/entornopsyd.thoi.art\/wp-content\/uploads\/2026\/01\/DJI_0603-HDR-Pano-1024x609.jpg 1024w, https:\/\/entornopsyd.thoi.art\/wp-content\/uploads\/2026\/01\/DJI_0603-HDR-Pano-768x457.jpg 768w, https:\/\/entornopsyd.thoi.art\/wp-content\/uploads\/2026\/01\/DJI_0603-HDR-Pano-370x220.jpg 370w, https:\/\/entornopsyd.thoi.art\/wp-content\/uploads\/2026\/01\/DJI_0603-HDR-Pano-924x550.jpg 924w, https:\/\/entornopsyd.thoi.art\/wp-content\/uploads\/2026\/01\/DJI_0603-HDR-Pano-410x244.jpg 410w\" sizes=\"(max-width: 1440px) 100vw, 1440px\" \/>\t\t\t\t\t\t\t\t\t\t\t\t\t\t\t<\/div>\n\t\t\t\t<div class=\"elementor-element elementor-element-7e2b6ea sc_fly_static elementor-widget elementor-widget-heading\" data-id=\"7e2b6ea\" data-element_type=\"widget\" data-widget_type=\"heading.default\">\n\t\t\t\t\t<h2 class=\"elementor-heading-title elementor-size-default\">La Experiencia<\/h2>\t\t\t\t<\/div>\n\t\t\t\t<div class=\"elementor-element elementor-element-0dca60f sc_fly_static elementor-widget elementor-widget-text-editor\" data-id=\"0dca60f\" data-element_type=\"widget\" data-widget_type=\"text-editor.default\">\n\t\t\t\t\t\t\t\t\t<p><span style=\"font-weight: 400;\">Un gran espect\u00e1culo.<\/span><span style=\"font-weight: 400;\"><br \/><\/span><span style=\"font-weight: 400;\"> Tranquilidad.<\/span><\/p><p><span style=\"font-weight: 400;\">Solo horizonte.<\/span><span style=\"font-weight: 400;\"><br \/><\/span><span style=\"font-weight: 400;\"> Aire.<\/span><span style=\"font-weight: 400;\"><br \/><\/span><span style=\"font-weight: 400;\"> Piedra.<\/span><span style=\"font-weight: 400;\"><br \/><\/span><span style=\"font-weight: 400;\"> Sombra.<\/span><\/p><p><strong>NATURALEZA<\/strong><\/p><p><span style=\"font-weight: 400;\">La Ca\u00f1ada no es un destino.<\/span><span style=\"font-weight: 400;\"><br \/><\/span><span style=\"font-weight: 400;\"> Es una posici\u00f3n dentro del territorio.<\/span><\/p>\t\t\t\t\t\t\t\t<\/div>\n\t\t\t\t<\/div>\n\t\t\t\t<\/div>\n\t\t\t\t<\/div>\n\t\t\t\t<\/div>\n\t\t<div class=\"elementor-element elementor-element-25234dcc e-flex e-con-boxed sc_layouts_column_icons_position_left e-con e-parent\" data-id=\"25234dcc\" data-element_type=\"container\" data-settings=\"{&quot;background_background&quot;:&quot;classic&quot;}\">\n\t\t\t\t\t<div class=\"e-con-inner\">\n\t\t<div data-animation-type=\"block\" class=\"elementor-element elementor-element-38e9e312 e-con-full e-flex sc_layouts_column_icons_position_left animation_type_block elementor-invisible e-con e-child\" data-id=\"38e9e312\" data-element_type=\"container\" data-settings=\"{&quot;background_background&quot;:&quot;classic&quot;,&quot;animation&quot;:&quot;ta_fadeinup&quot;}\">\n\t\t\t\t<div class=\"elementor-element elementor-element-110a67e sc_fly_static elementor-widget elementor-widget-image\" data-id=\"110a67e\" data-element_type=\"widget\" data-widget_type=\"image.default\">\n\t\t\t\t\t\t\t\t\t\t\t\t\t\t\t<img loading=\"lazy\" decoding=\"async\" width=\"683\" height=\"1024\" src=\"https:\/\/entornopsyd.thoi.art\/wp-content\/uploads\/2026\/01\/OH_06804-683x1024.jpg\" class=\"attachment-large size-large wp-image-3077\" alt=\"\" srcset=\"https:\/\/entornopsyd.thoi.art\/wp-content\/uploads\/2026\/01\/OH_06804-683x1024.jpg 683w, https:\/\/entornopsyd.thoi.art\/wp-content\/uploads\/2026\/01\/OH_06804-200x300.jpg 200w, https:\/\/entornopsyd.thoi.art\/wp-content\/uploads\/2026\/01\/OH_06804-768x1152.jpg 768w, https:\/\/entornopsyd.thoi.art\/wp-content\/uploads\/2026\/01\/OH_06804-370x555.jpg 370w, https:\/\/entornopsyd.thoi.art\/wp-content\/uploads\/2026\/01\/OH_06804-924x1386.jpg 924w, https:\/\/entornopsyd.thoi.art\/wp-content\/uploads\/2026\/01\/OH_06804-410x615.jpg 410w, https:\/\/entornopsyd.thoi.art\/wp-content\/uploads\/2026\/01\/OH_06804.jpg 960w\" sizes=\"(max-width: 767px) 100vw, 683px\" \/>\t\t\t\t\t\t\t\t\t\t\t\t\t\t\t<\/div>\n\t\t\t\t<\/div>\n\t\t<div data-animation-type=\"block\" class=\"elementor-element elementor-element-4486bc0b e-con-full e-flex sc_layouts_column_icons_position_left animation_type_block elementor-invisible e-con e-child\" data-id=\"4486bc0b\" data-element_type=\"container\" data-settings=\"{&quot;background_background&quot;:&quot;classic&quot;,&quot;animation&quot;:&quot;ta_fadeinup&quot;}\">\n\t\t\t\t<div class=\"elementor-element elementor-element-92492ac sc_fly_static elementor-widget elementor-widget-text-editor\" data-id=\"92492ac\" data-element_type=\"widget\" data-widget_type=\"text-editor.default\">\n\t\t\t\t\t\t\t\t\t<h1><span style=\"font-weight: 400;\">LAIVA Reserve no se construye para verse.<\/span><\/h1><h6><span style=\"font-weight: 400;\"><br \/><\/span><span style=\"font-weight: 400;\"> Se construye para perdurar.<\/span><\/h6>\t\t\t\t\t\t\t\t<\/div>\n\t\t\t\t<\/div>\n\t\t\t\t\t<\/div>\n\t\t\t\t<\/div>\n\t\t<div class=\"elementor-element elementor-element-9ac99c0 e-flex e-con-boxed sc_layouts_column_icons_position_left e-con e-parent\" data-id=\"9ac99c0\" data-element_type=\"container\" data-settings=\"{&quot;background_background&quot;:&quot;classic&quot;}\">\n\t\t\t\t\t<div class=\"e-con-inner\">\n\t\t\t\t<div class=\"elementor-element elementor-element-3fca23e sc_fly_static elementor-widget elementor-widget-gallery\" data-id=\"3fca23e\" data-element_type=\"widget\" data-settings=\"{&quot;lazyload&quot;:&quot;yes&quot;,&quot;gallery_layout&quot;:&quot;grid&quot;,&quot;columns&quot;:4,&quot;columns_tablet&quot;:2,&quot;columns_mobile&quot;:1,&quot;gap&quot;:{&quot;unit&quot;:&quot;px&quot;,&quot;size&quot;:10,&quot;sizes&quot;:[]},&quot;gap_tablet&quot;:{&quot;unit&quot;:&quot;px&quot;,&quot;size&quot;:10,&quot;sizes&quot;:[]},&quot;gap_mobile&quot;:{&quot;unit&quot;:&quot;px&quot;,&quot;size&quot;:10,&quot;sizes&quot;:[]},&quot;link_to&quot;:&quot;file&quot;,&quot;aspect_ratio&quot;:&quot;3:2&quot;,&quot;overlay_background&quot;:&quot;yes&quot;,&quot;content_hover_animation&quot;:&quot;fade-in&quot;}\" data-widget_type=\"gallery.default\">\n\t\t\t\t\t\t\t<div class=\"elementor-gallery__container\">\r\n\t\t\t\t\t\t\t<a class=\"e-gallery-item elementor-gallery-item elementor-animated-content\" href=\"https:\/\/entornopsyd.thoi.art\/wp-content\/uploads\/2026\/01\/OH_06911.jpg\" data-elementor-open-lightbox=\"yes\" data-elementor-lightbox-slideshow=\"3fca23e\" data-elementor-lightbox-title=\"OH_06911\" data-e-action-hash=\"#elementor-action%3Aaction%3Dlightbox%26settings%3DeyJpZCI6MzA4MCwidXJsIjoiaHR0cHM6XC9cL2VudG9ybm9wc3lkLnRob2kuYXJ0XC93cC1jb250ZW50XC91cGxvYWRzXC8yMDI2XC8wMVwvT0hfMDY5MTEuanBnIiwic2xpZGVzaG93IjoiM2ZjYTIzZSJ9\">\r\n\t\t\t\t\t<div class=\"e-gallery-image elementor-gallery-item__image\" data-thumbnail=\"https:\/\/entornopsyd.thoi.art\/wp-content\/uploads\/2026\/01\/OH_06911-300x200.jpg\" data-width=\"300\" data-height=\"200\" aria-label=\"\" role=\"img\" ><\/div>\r\n\t\t\t\t\t\t\t\t\t\t\t<div class=\"elementor-gallery-item__overlay\"><\/div>\r\n\t\t\t\t\t\t\t\t\t\t\t\t\t\t<\/a>\r\n\t\t\t\t\t\t\t<a class=\"e-gallery-item elementor-gallery-item elementor-animated-content\" href=\"https:\/\/entornopsyd.thoi.art\/wp-content\/uploads\/2026\/01\/OHFA0555.jpg\" data-elementor-open-lightbox=\"yes\" data-elementor-lightbox-slideshow=\"3fca23e\" data-elementor-lightbox-title=\"OHFA0555\" data-e-action-hash=\"#elementor-action%3Aaction%3Dlightbox%26settings%3DeyJpZCI6MzA4MSwidXJsIjoiaHR0cHM6XC9cL2VudG9ybm9wc3lkLnRob2kuYXJ0XC93cC1jb250ZW50XC91cGxvYWRzXC8yMDI2XC8wMVwvT0hGQTA1NTUuanBnIiwic2xpZGVzaG93IjoiM2ZjYTIzZSJ9\">\r\n\t\t\t\t\t<div class=\"e-gallery-image elementor-gallery-item__image\" data-thumbnail=\"https:\/\/entornopsyd.thoi.art\/wp-content\/uploads\/2026\/01\/OHFA0555-200x300.jpg\" data-width=\"200\" data-height=\"300\" aria-label=\"\" role=\"img\" ><\/div>\r\n\t\t\t\t\t\t\t\t\t\t\t<div class=\"elementor-gallery-item__overlay\"><\/div>\r\n\t\t\t\t\t\t\t\t\t\t\t\t\t\t<\/a>\r\n\t\t\t\t\t\t\t<a class=\"e-gallery-item elementor-gallery-item elementor-animated-content\" href=\"https:\/\/entornopsyd.thoi.art\/wp-content\/uploads\/2026\/01\/OH_06908.jpg\" data-elementor-open-lightbox=\"yes\" data-elementor-lightbox-slideshow=\"3fca23e\" data-elementor-lightbox-title=\"OH_06908\" data-e-action-hash=\"#elementor-action%3Aaction%3Dlightbox%26settings%3DeyJpZCI6MzA3OSwidXJsIjoiaHR0cHM6XC9cL2VudG9ybm9wc3lkLnRob2kuYXJ0XC93cC1jb250ZW50XC91cGxvYWRzXC8yMDI2XC8wMVwvT0hfMDY5MDguanBnIiwic2xpZGVzaG93IjoiM2ZjYTIzZSJ9\">\r\n\t\t\t\t\t<div class=\"e-gallery-image elementor-gallery-item__image\" data-thumbnail=\"https:\/\/entornopsyd.thoi.art\/wp-content\/uploads\/2026\/01\/OH_06908-300x200.jpg\" data-width=\"300\" data-height=\"200\" aria-label=\"\" role=\"img\" ><\/div>\r\n\t\t\t\t\t\t\t\t\t\t\t<div class=\"elementor-gallery-item__overlay\"><\/div>\r\n\t\t\t\t\t\t\t\t\t\t\t\t\t\t<\/a>\r\n\t\t\t\t\t\t\t<a class=\"e-gallery-item elementor-gallery-item elementor-animated-content\" href=\"https:\/\/entornopsyd.thoi.art\/wp-content\/uploads\/2026\/01\/OH_06753.jpg\" data-elementor-open-lightbox=\"yes\" data-elementor-lightbox-slideshow=\"3fca23e\" data-elementor-lightbox-title=\"OH_06753\" data-e-action-hash=\"#elementor-action%3Aaction%3Dlightbox%26settings%3DeyJpZCI6MzA3NSwidXJsIjoiaHR0cHM6XC9cL2VudG9ybm9wc3lkLnRob2kuYXJ0XC93cC1jb250ZW50XC91cGxvYWRzXC8yMDI2XC8wMVwvT0hfMDY3NTMuanBnIiwic2xpZGVzaG93IjoiM2ZjYTIzZSJ9\">\r\n\t\t\t\t\t<div class=\"e-gallery-image elementor-gallery-item__image\" data-thumbnail=\"https:\/\/entornopsyd.thoi.art\/wp-content\/uploads\/2026\/01\/OH_06753-200x300.jpg\" data-width=\"200\" data-height=\"300\" aria-label=\"\" role=\"img\" ><\/div>\r\n\t\t\t\t\t\t\t\t\t\t\t<div class=\"elementor-gallery-item__overlay\"><\/div>\r\n\t\t\t\t\t\t\t\t\t\t\t\t\t\t<\/a>\r\n\t\t\t\t\t\t\t<a class=\"e-gallery-item elementor-gallery-item elementor-animated-content\" href=\"https:\/\/entornopsyd.thoi.art\/wp-content\/uploads\/2026\/01\/OH_06785.jpg\" data-elementor-open-lightbox=\"yes\" data-elementor-lightbox-slideshow=\"3fca23e\" data-elementor-lightbox-title=\"OH_06785\" data-e-action-hash=\"#elementor-action%3Aaction%3Dlightbox%26settings%3DeyJpZCI6MzA3NiwidXJsIjoiaHR0cHM6XC9cL2VudG9ybm9wc3lkLnRob2kuYXJ0XC93cC1jb250ZW50XC91cGxvYWRzXC8yMDI2XC8wMVwvT0hfMDY3ODUuanBnIiwic2xpZGVzaG93IjoiM2ZjYTIzZSJ9\">\r\n\t\t\t\t\t<div class=\"e-gallery-image elementor-gallery-item__image\" data-thumbnail=\"https:\/\/entornopsyd.thoi.art\/wp-content\/uploads\/2026\/01\/OH_06785-200x300.jpg\" data-width=\"200\" data-height=\"300\" aria-label=\"\" role=\"img\" ><\/div>\r\n\t\t\t\t\t\t\t\t\t\t\t<div class=\"elementor-gallery-item__overlay\"><\/div>\r\n\t\t\t\t\t\t\t\t\t\t\t\t\t\t<\/a>\r\n\t\t\t\t\t<\/div>\r\n\t\t\t\t\t<\/div>\n\t\t\t\t\t<\/div>\n\t\t\t\t<\/div>\n\t\t<div class=\"elementor-element elementor-element-981a076 e-flex e-con-boxed sc_layouts_column_icons_position_left e-con e-parent\" data-id=\"981a076\" data-element_type=\"container\" data-settings=\"{&quot;background_background&quot;:&quot;classic&quot;}\">\n\t\t\t\t\t<div class=\"e-con-inner\">\n\t\t\t\t<div class=\"elementor-element elementor-element-731834b sc_fly_static elementor-widget elementor-widget-spacer\" data-id=\"731834b\" data-element_type=\"widget\" data-widget_type=\"spacer.default\">\n\t\t\t\t\t\t\t<div class=\"elementor-spacer\">\n\t\t\t<div class=\"elementor-spacer-inner\"><\/div>\n\t\t<\/div>\n\t\t\t\t\t\t<\/div>\n\t\t\t\t\t<\/div>\n\t\t\t\t<\/div>\n\t\t\t\t<\/div>","protected":false},"excerpt":{"rendered":"<p>Un refugio natural donde la arquitectura se integra al paisaje y el tiempo se desacelera.&hellip;<\/p>","protected":false},"author":1,"featured_media":0,"parent":0,"menu_order":0,"comment_status":"closed","ping_status":"closed","template":"","meta":{"footnotes":""},"class_list":["post-2831","page","type-page","status-publish","hentry"],"_links":{"self":[{"href":"https:\/\/entornopsyd.thoi.art\/en\/wp-json\/wp\/v2\/pages\/2831","targetHints":{"allow":["GET"]}}],"collection":[{"href":"https:\/\/entornopsyd.thoi.art\/en\/wp-json\/wp\/v2\/pages"}],"about":[{"href":"https:\/\/entornopsyd.thoi.art\/en\/wp-json\/wp\/v2\/types\/page"}],"author":[{"embeddable":true,"href":"https:\/\/entornopsyd.thoi.art\/en\/wp-json\/wp\/v2\/users\/1"}],"replies":[{"embeddable":true,"href":"https:\/\/entornopsyd.thoi.art\/en\/wp-json\/wp\/v2\/comments?post=2831"}],"version-history":[{"count":36,"href":"https:\/\/entornopsyd.thoi.art\/en\/wp-json\/wp\/v2\/pages\/2831\/revisions"}],"predecessor-version":[{"id":3997,"href":"https:\/\/entornopsyd.thoi.art\/en\/wp-json\/wp\/v2\/pages\/2831\/revisions\/3997"}],"wp:attachment":[{"href":"https:\/\/entornopsyd.thoi.art\/en\/wp-json\/wp\/v2\/media?parent=2831"}],"curies":[{"name":"wp","href":"https:\/\/api.w.org\/{rel}","templated":true}]}}